{"id":351,"date":"2021-11-19T08:47:45","date_gmt":"2021-11-19T08:47:45","guid":{"rendered":"https:\/\/dievolkswirtschaft.ch\/?page_id=351"},"modified":"2025-03-06T09:02:10","modified_gmt":"2025-03-06T08:02:10","slug":"impressum","status":"publish","type":"page","link":"https:\/\/dievolkswirtschaft.ch\/de\/impressum\/","title":{"rendered":"Impressum"},"content":{"rendered":"\t\t<div data-elementor-type=\"wp-page\" data-elementor-id=\"351\" class=\"elementor elementor-351\" data-elementor-post-type=\"page\">\n\t\t\t\t\t\t<section class=\"elementor-section elementor-top-section elementor-element elementor-element-3aaa435 elementor-section-boxed elementor-section-height-default elementor-section-height-default\" data-id=\"3aaa435\" data-element_type=\"section\">\n\t\t\t\t\t\t<div class=\"elementor-container elementor-column-gap-default\">\n\t\t\t\t\t<div class=\"elementor-column elementor-col-100 elementor-top-column elementor-element elementor-element-71c4821\" data-id=\"71c4821\" data-element_type=\"column\">\n\t\t\t<div class=\"elementor-widget-wrap elementor-element-populated\">\n\t\t\t\t\t\t<div class=\"elementor-element elementor-element-bde623f elementor-widget elementor-widget-mxm-breadcrumb\" data-id=\"bde623f\" data-element_type=\"widget\" data-widget_type=\"mxm-breadcrumb.default\">\n\t\t\t\t<div class=\"elementor-widget-container\">\n\t\t\t<ul id=\"ah-breadcrumb\" class=\"ah-breadcrumb\"><li><a href=\"https:\/\/dievolkswirtschaft.ch\/de\/\">Home<\/a><\/li><li class=\"separator\"><i class=\"fas fa-chevron-right\"><\/i><\/li><\/ul>\t\t<\/div>\n\t\t\t\t<\/div>\n\t\t\t\t<div class=\"elementor-element elementor-element-af47f24 elementor-widget elementor-widget-heading\" data-id=\"af47f24\" data-element_type=\"widget\" data-widget_type=\"heading.default\">\n\t\t\t\t<div class=\"elementor-widget-container\">\n\t\t\t\n<style>\/*! elementor - v3.22.0 - 26-06-2024 *\/\n.elementor-heading-title{padding:0;margin:0;line-height:1}.elementor-widget-heading .elementor-heading-title[class*=elementor-size-]>a{color:inherit;font-size:inherit;line-height:inherit}.elementor-widget-heading .elementor-heading-title.elementor-size-small{font-size:15px}.elementor-widget-heading .elementor-heading-title.elementor-size-medium{font-size:19px}.elementor-widget-heading .elementor-heading-title.elementor-size-large{font-size:29px}.elementor-widget-heading .elementor-heading-title.elementor-size-xl{font-size:39px}.elementor-widget-heading .elementor-heading-title.elementor-size-xxl{font-size:59px}<\/style>\n<h1 class=\"elementor-heading-title elementor-size-default\">Impressum<\/h1>\t\t<\/div>\n\t\t\t\t<\/div>\n\t\t\t\t<div class=\"elementor-element elementor-element-646d6a6 elementor-widget elementor-widget-text-editor\" data-id=\"646d6a6\" data-element_type=\"widget\" data-widget_type=\"text-editor.default\">\n\t\t\t\t<div class=\"elementor-widget-container\">\n\t\t\t\n<style>\/*! elementor - v3.22.0 - 26-06-2024 *\/\n.elementor-widget-text-editor.elementor-drop-cap-view-stacked .elementor-drop-cap{background-color:#69727d;color:#fff}.elementor-widget-text-editor.elementor-drop-cap-view-framed .elementor-drop-cap{color:#69727d;border:3px solid;background-color:transparent}.elementor-widget-text-editor:not(.elementor-drop-cap-view-default) .elementor-drop-cap{margin-top:8px}.elementor-widget-text-editor:not(.elementor-drop-cap-view-default) .elementor-drop-cap-letter{width:1em;height:1em}.elementor-widget-text-editor .elementor-drop-cap{float:left;text-align:center;line-height:1;font-size:50px}.elementor-widget-text-editor .elementor-drop-cap-letter{display:inline-block}<\/style>\n\t\t\t\t<p><strong>Herausgeberin<\/strong><br>Staatssekretariat f\u00fcr Wirtschaft (Seco), Bern<\/p>\n<p><strong>Redaktion<\/strong><br>Chefredaktion: Guido Barsuglia, Nicole Tesar<br>Redaktion: Marie-Jane Berchten, Matthias Hausherr,&nbsp; Monika L\u00fcthi, Virginie Parotte<\/p>\n<p><strong>Redaktionsausschuss<\/strong><br>Eric Scheidegger (Leitung), Antje Baertschi, Guido Barsuglia, Dragan Ilic, Patric Ilg, Larissa M\u00fcller, Martin Saladin, Markus Sp\u00f6rndli, Nicole Tesar<\/p>\n<p><strong>Layout<\/strong><br>Jordi AG,&nbsp;Aemmenmattstrasse 22, 3123 Belp<br>Illustrationen Cover: <a href=\"http:\/\/www.michaelmeister.com\/\">www.michaelmeister.com<\/a><\/p>\n<p><strong>Abonnemente<\/strong><br><a href=\"https:\/\/dievolkswirtschaft.chabo\/\">www.dievolkswirtschaft.ch\/abo<\/a><br>Digital: Kostenlos<\/p>\n<p>Print: Fr. 40.\u2013&nbsp;(Inland),&nbsp;&nbsp;<span style=\"color: var( --e-global-color-text ); font-family: var( --e-global-typography-4cc98b8-font-family ), Sans-serif; font-size: var( --e-global-typography-4cc98b8-font-size ); font-style: var( --e-global-typography-4cc98b8-font-style ); font-weight: var( --e-global-typography-4cc98b8-font-weight ); letter-spacing: var( --e-global-typography-4cc98b8-letter-spacing ); text-transform: var( --e-global-typography-4cc98b8-text-transform ); word-spacing: var( --e-global-typography-4cc98b8-word-spacing );\">Fr. 48.\u2013 (Ausland)<\/span><\/p>\n<p><strong>Kontakt\/Leserservice<\/strong><br>Holzikofenweg 36, 3003 Bern<br>+41 58&nbsp;462 29 39<br><a href=\"mailto:dievolkswirtschaft@seco.admin.ch\">dievolkswirtschaft@seco.admin.ch<\/a><\/p>\n<p><strong style=\"color: var( --e-global-color-text ); font-family: var( --e-global-typography-4cc98b8-font-family ), Sans-serif; font-size: var( --e-global-typography-4cc98b8-font-size ); font-style: var( --e-global-typography-4cc98b8-font-style ); letter-spacing: var( --e-global-typography-4cc98b8-letter-spacing ); text-transform: var( --e-global-typography-4cc98b8-text-transform ); word-spacing: var( --e-global-typography-4cc98b8-word-spacing );\">Druck<\/strong><\/p>\n<p>Jordi AG,&nbsp;Aemmenmattstrasse 22, 3123 Belp<\/p>\n<p><strong>Social Media<\/strong><br><a href=\"https:\/\/www.linkedin.com\/company\/die-volkswirtschaft\/\">LinkedIn<\/a>&nbsp;und&nbsp;<a style=\"background-color: #ffffff;\" href=\"https:\/\/twitter.com\/DieVowirtschaft\">X<\/a>&nbsp;(deutsch),&nbsp;<a style=\"background-color: #ffffff;\" href=\"https:\/\/twitter.com\/vie_economique\">X<\/a>&nbsp;(franz\u00f6sisch)<br>Wir freuen uns auf den Austausch mit Ihnen. Wir bitten Sie, Kommentare oder Beitr\u00e4ge in einem fairen und h\u00f6flichen Ton zu verfassen. Wir behalten uns vor, Kommentare oder Beitr\u00e4ge zu l\u00f6schen oder zu verbergen, wenn sie einer sachlichen Diskussion schaden, gegen Gesetze verstossen, Rechte Dritter verletzen oder beleidigenden, diskriminierenden, rassistischen, sexistischen, verfassungsfeindlichen oder anderweitig inakzeptablen Inhalts sind. Dies gilt auch f\u00fcr Namen\/Pseudonyme und Profilfotos von Nutzern. Wir behalten uns vor, Diskussionen zu schliessen sowie Kommentar-Funktionen abzuschalten.<\/p>\n<p><strong>Weitere Informationen<\/strong><br>\u00abDie Volkswirtschaft\u00bb erscheint laufend digital sowie mit ausgew\u00e4hlten Schwerpunkten und Themenartikeln vier Mal j\u00e4hrlich gedruckt auf Deutsch und Franz\u00f6sisch (\u00abLa Vie \u00e9conomique\u00bb).<\/p>\n<p>Der Inhalt der Artikel widerspiegelt die Auffassung der Autorinnen und Autoren und deckt sich nicht notwendigerweise mit der Meinung der Herausgeberin.<\/p>\n<p>Eine geschlechtersensible Sprache ist uns wichtig. Nach M\u00f6glichkeit formulieren wir neutral. Wo nicht m\u00f6glich, verzichten wir aus Gr\u00fcnden der Lesbarkeit auf eine durchgehende Nennung aller Geschlechterformen \u2013 selbstverst\u00e4ndlich sind stets alle mitgemeint.<\/p>\n<p>Die Reproduktion von Artikeln (ohne Bilder) ist, nach Bewilligung durch die Redaktion, unter Quellenangabe gestattet. Die Bildrechte geh\u00f6ren den jeweils angegebenen Rechtsinhabenden. Bitte schicken Sie uns den Link Ihrer Ver\u00f6ffentlichung.<\/p>\n<p>Schweizer Hochschulen k\u00f6nnen Artikel von Autorinnen und Autoren, die zum Publikationszeitpunkt einer Schweizer Hochschule angeh\u00f6ren, in ihrem Repositorium ablegen. Details siehe&nbsp;<a href=\"https:\/\/goal.zhaw.ch\/entities\/policy\/cd7a1a6d-8bf1-49d3-94a5-7f2cdf7d1b5c\/full\" target=\"_blank\" rel=\"noopener\">hier<\/a>.<\/p>\n<div><span style=\"color: var( --e-global-color-text ); font-family: var( --e-global-typography-4cc98b8-font-family ), Sans-serif; font-size: var( --e-global-typography-4cc98b8-font-size ); font-style: var( --e-global-typography-4cc98b8-font-style ); font-weight: var( --e-global-typography-4cc98b8-font-weight ); letter-spacing: var( --e-global-typography-4cc98b8-letter-spacing ); text-transform: var( --e-global-typography-4cc98b8-text-transform ); word-spacing: var( --e-global-typography-4cc98b8-word-spacing );\">Die Autorenangaben beziehen sich auf die jeweilige T\u00e4tigkeit des Autors bei Publikation des neusten Beitrags. Bei \u00e4lteren Artikeln stimmen die Autorenangaben daher m\u00f6glicherweise nicht mit der damaligen T\u00e4tigkeit \u00fcberein.&nbsp;<\/span><\/div>\n<div><span style=\"color: var( --e-global-color-text ); font-family: var( --e-global-typography-4cc98b8-font-family ), Sans-serif; font-size: var( --e-global-typography-4cc98b8-font-size ); font-style: var( --e-global-typography-4cc98b8-font-style ); font-weight: var( --e-global-typography-4cc98b8-font-weight ); letter-spacing: var( --e-global-typography-4cc98b8-letter-spacing ); text-transform: var( --e-global-typography-4cc98b8-text-transform ); word-spacing: var( --e-global-typography-4cc98b8-word-spacing );\">&nbsp;<\/span><\/div>\n<p><span style=\"color: var( --e-global-color-text ); font-family: var( --e-global-typography-4cc98b8-font-family ), Sans-serif; font-size: var( --e-global-typography-4cc98b8-font-size ); font-style: var( --e-global-typography-4cc98b8-font-style ); font-weight: var( --e-global-typography-4cc98b8-font-weight ); letter-spacing: var( --e-global-typography-4cc98b8-letter-spacing ); text-transform: var( --e-global-typography-4cc98b8-text-transform ); word-spacing: var( --e-global-typography-4cc98b8-word-spacing );\">\u00a9 Die Volkswirtschaft<\/span><\/p>\n<p>Design &amp; Programmierung: Maxomedia AG, Bern<\/p>\t\t\t\t\t\t<\/div>\n\t\t\t\t<\/div>\n\t\t\t\t\t<\/div>\n\t\t<\/div>\n\t\t\t\t\t<\/div>\n\t\t<\/section>\n\t\t\t\t<\/div>","protected":false},"excerpt":{"rendered":"<p>Home Impressum HerausgeberinStaatssekretariat f\u00fcr Wirtschaft (Seco), Bern RedaktionChefredaktion: Guido Barsuglia, Nicole TesarRedaktion: Marie-Jane Berchten, Matthias Hausherr,&nbsp; Monika L\u00fcthi, Virginie Parotte RedaktionsausschussEric Scheidegger (Leitung), Antje Baertschi, Guido Barsuglia, Dragan Ilic, Patric Ilg, Larissa M\u00fcller, Martin Saladin, Markus Sp\u00f6rndli, Nicole Tesar LayoutJordi AG,&nbsp;Aemmenmattstrasse 22, 3123 BelpIllustrationen Cover: www.michaelmeister.com Abonnementewww.dievolkswirtschaft.ch\/aboDigital: Kostenlos Print: Fr. 40.\u2013&nbsp;(Inland),&nbsp;&nbsp;Fr. 48.\u2013 (Ausland) Kontakt\/LeserserviceHolzikofenweg 36, [&hellip;]<\/p>","protected":false},"author":3,"featured_media":0,"parent":0,"menu_order":0,"comment_status":"closed","ping_status":"closed","template":"","meta":{"_acf_changed":false,"om_disable_all_campaigns":false,"ep_exclude_from_search":false,"footnotes":""},"acf":[],"_links":{"self":[{"href":"https:\/\/dievolkswirtschaft.ch\/de\/wp-json\/wp\/v2\/pages\/351"}],"collection":[{"href":"https:\/\/dievolkswirtschaft.ch\/de\/wp-json\/wp\/v2\/pages"}],"about":[{"href":"https:\/\/dievolkswirtschaft.ch\/de\/wp-json\/wp\/v2\/types\/page"}],"author":[{"embeddable":true,"href":"https:\/\/dievolkswirtschaft.ch\/de\/wp-json\/wp\/v2\/users\/3"}],"replies":[{"embeddable":true,"href":"https:\/\/dievolkswirtschaft.ch\/de\/wp-json\/wp\/v2\/comments?post=351"}],"version-history":[{"count":37,"href":"https:\/\/dievolkswirtschaft.ch\/de\/wp-json\/wp\/v2\/pages\/351\/revisions"}],"predecessor-version":[{"id":207797,"href":"https:\/\/dievolkswirtschaft.ch\/de\/wp-json\/wp\/v2\/pages\/351\/revisions\/207797"}],"wp:attachment":[{"href":"https:\/\/dievolkswirtschaft.ch\/de\/wp-json\/wp\/v2\/media?parent=351"}],"curies":[{"name":"wp","href":"https:\/\/api.w.org\/{rel}","templated":true}]}}