{"id":160563,"date":"2021-11-19T08:08:16","date_gmt":"2021-11-19T07:08:16","guid":{"rendered":"https:\/\/dievolkswirtschaft.ch\/qui-sommes-nous-2\/"},"modified":"2026-05-02T19:44:49","modified_gmt":"2026-05-02T17:44:49","slug":"qui-sommes-nous","status":"publish","type":"page","link":"https:\/\/dievolkswirtschaft.ch\/fr\/qui-sommes-nous\/","title":{"rendered":"Qui sommes-nous?"},"content":{"rendered":"\t\t<div data-elementor-type=\"wp-page\" data-elementor-id=\"160563\" class=\"elementor elementor-160563 elementor-314\" data-elementor-post-type=\"page\">\n\t\t\t\t\t\t<section class=\"elementor-section elementor-top-section elementor-element elementor-element-4b553caf elementor-section-full_width elementor-section-height-default elementor-section-height-default\" data-id=\"4b553caf\" data-element_type=\"section\" id=\"breadcrumb-section\">\n\t\t\t\t\t\t<div class=\"elementor-container elementor-column-gap-default\">\n\t\t\t\t\t<div class=\"elementor-column elementor-col-100 elementor-top-column elementor-element elementor-element-b378c59\" data-id=\"b378c59\" data-element_type=\"column\">\n\t\t\t<div class=\"elementor-widget-wrap elementor-element-populated\">\n\t\t\t\t\t\t<div class=\"elementor-element elementor-element-31e8271 elementor-widget elementor-widget-mxm-breadcrumb\" data-id=\"31e8271\" data-element_type=\"widget\" data-widget_type=\"mxm-breadcrumb.default\">\n\t\t\t\t<div class=\"elementor-widget-container\">\n\t\t\t<ul id=\"ah-breadcrumb\" class=\"ah-breadcrumb\"><li><a href=\"https:\/\/dievolkswirtschaft.ch\/fr\/\">ACCUEIL<\/a><\/li><li class=\"separator\"><i class=\"fas fa-chevron-right\"><\/i><\/li><\/ul>\t\t<\/div>\n\t\t\t\t<\/div>\n\t\t\t\t\t<\/div>\n\t\t<\/div>\n\t\t\t\t\t<\/div>\n\t\t<\/section>\n\t\t\t\t<section class=\"elementor-section elementor-top-section elementor-element elementor-element-00ff0a4 elementor-section-full_width elementor-section-height-default elementor-section-height-default\" data-id=\"00ff0a4\" data-element_type=\"section\">\n\t\t\t\t\t\t<div class=\"elementor-container elementor-column-gap-default\">\n\t\t\t\t\t<div class=\"elementor-column elementor-col-100 elementor-top-column elementor-element elementor-element-ef6adc6\" data-id=\"ef6adc6\" data-element_type=\"column\">\n\t\t\t<div class=\"elementor-widget-wrap elementor-element-populated\">\n\t\t\t\t\t\t<div class=\"elementor-element elementor-element-dd22ae6 elementor-widget elementor-widget-heading\" data-id=\"dd22ae6\" data-element_type=\"widget\" data-widget_type=\"heading.default\">\n\t\t\t\t<div class=\"elementor-widget-container\">\n\t\t\t\n<style>\/*! elementor - v3.22.0 - 26-06-2024 *\/\n.elementor-heading-title{padding:0;margin:0;line-height:1}.elementor-widget-heading .elementor-heading-title[class*=elementor-size-]>a{color:inherit;font-size:inherit;line-height:inherit}.elementor-widget-heading .elementor-heading-title.elementor-size-small{font-size:15px}.elementor-widget-heading .elementor-heading-title.elementor-size-medium{font-size:19px}.elementor-widget-heading .elementor-heading-title.elementor-size-large{font-size:29px}.elementor-widget-heading .elementor-heading-title.elementor-size-xl{font-size:39px}.elementor-widget-heading .elementor-heading-title.elementor-size-xxl{font-size:59px}<\/style>\n<h1 class=\"elementor-heading-title elementor-size-default\">Qui sommes-nous?<\/h1>\t\t<\/div>\n\t\t\t\t<\/div>\n\t\t\t\t<div class=\"elementor-element elementor-element-dcef93d elementor-widget elementor-widget-text-editor\" data-id=\"dcef93d\" data-element_type=\"widget\" data-widget_type=\"text-editor.default\">\n\t\t\t\t<div class=\"elementor-widget-container\">\n\t\t\t\n<style>\/*! elementor - v3.22.0 - 26-06-2024 *\/\n.elementor-widget-text-editor.elementor-drop-cap-view-stacked .elementor-drop-cap{background-color:#69727d;color:#fff}.elementor-widget-text-editor.elementor-drop-cap-view-framed .elementor-drop-cap{color:#69727d;border:3px solid;background-color:transparent}.elementor-widget-text-editor:not(.elementor-drop-cap-view-default) .elementor-drop-cap{margin-top:8px}.elementor-widget-text-editor:not(.elementor-drop-cap-view-default) .elementor-drop-cap-letter{width:1em;height:1em}.elementor-widget-text-editor .elementor-drop-cap{float:left;text-align:center;line-height:1;font-size:50px}.elementor-widget-text-editor .elementor-drop-cap-letter{display:inline-block}<\/style>\n\t\t\t\t<p>La politique \u00e9conomique para\u00eet souvent complexe. \u00abLa Vie \u00e9conomique\u00bb aide \u00e0 y voir clair, en expliquant les enjeux et les d\u00e9bats actuels.<\/p><p>\u00abLa Vie \u00e9conomique\u00bb contribue \u00e0 la formation de l&#8217;opinion publique en mati\u00e8re de politique \u00e9conomique en Suisse. La revue aborde des th\u00e8mes nationaux et internationaux et les approfondit dans des dossiers th\u00e9matiques et des articles. Elle est publi\u00e9e par le Secr\u00e9tariat d&#8217;\u00c9tat \u00e0 l&#8217;\u00e9conomie (Seco). Les auteures et auteurs viennent des milieux scientifiques, \u00e9conomiques et administratifs, d\u2019organisations internationales et de la soci\u00e9t\u00e9 civile.\u00a0<\/p><p>Vous pouvez consulter tous les articles sur <a href=\"http:\/\/www.lavieeconomique.ch\">lavieeconomique.ch<\/a> et vous abonner gratuitement \u00e0 l&#8217;<a href=\"http:\/\/www.lavieeconomique.ch\/abonnement\">\u00e9dition num\u00e9rique<\/a>.<\/p>\t\t\t\t\t\t<\/div>\n\t\t\t\t<\/div>\n\t\t\t\t\t<\/div>\n\t\t<\/div>\n\t\t\t\t\t<\/div>\n\t\t<\/section>\n\t\t\t\t<section class=\"elementor-section elementor-top-section elementor-element elementor-element-81fb232 elementor-section-full_width elementor-section-height-default elementor-section-height-default\" data-id=\"81fb232\" data-element_type=\"section\">\n\t\t\t\t\t\t<div class=\"elementor-container elementor-column-gap-default\">\n\t\t\t\t\t<div class=\"elementor-column elementor-col-100 elementor-top-column elementor-element elementor-element-7fc5567\" data-id=\"7fc5567\" data-element_type=\"column\">\n\t\t\t<div class=\"elementor-widget-wrap elementor-element-populated\">\n\t\t\t\t\t\t<div class=\"elementor-element elementor-element-a4796cb elementor-widget elementor-widget-heading\" data-id=\"a4796cb\" data-element_type=\"widget\" data-widget_type=\"heading.default\">\n\t\t\t\t<div class=\"elementor-widget-container\">\n\t\t\t<h2 class=\"elementor-heading-title elementor-size-default\">L\u2019\u00c9quipe<\/h2>\t\t<\/div>\n\t\t\t\t<\/div>\n\t\t\t\t\t<\/div>\n\t\t<\/div>\n\t\t\t\t\t<\/div>\n\t\t<\/section>\n\t\t\t\t<section class=\"elementor-section elementor-top-section elementor-element elementor-element-c53be31 elementor-section-full_width elementor-section-height-default elementor-section-height-default\" data-id=\"c53be31\" data-element_type=\"section\">\n\t\t\t\t\t\t<div class=\"elementor-container elementor-column-gap-default\">\n\t\t\t\t\t<div class=\"elementor-column elementor-col-100 elementor-top-column elementor-element elementor-element-676aa40\" data-id=\"676aa40\" data-element_type=\"column\">\n\t\t\t<div class=\"elementor-widget-wrap elementor-element-populated\">\n\t\t\t\t\t\t<div class=\"elementor-element elementor-element-38dc8da elementor-widget__width-auto elementor-widget elementor-widget-image\" data-id=\"38dc8da\" data-element_type=\"widget\" id=\"img-with-caption\" data-widget_type=\"image.default\">\n\t\t\t\t<div class=\"elementor-widget-container\">\n\t\t\t\n<style>\/*! elementor - v3.22.0 - 26-06-2024 *\/\n.elementor-widget-image{text-align:center}.elementor-widget-image a{display:inline-block}.elementor-widget-image a img[src$=\".svg\"]{width:48px}.elementor-widget-image img{vertical-align:middle;display:inline-block}<\/style>\n\t\t\t\t\t\t\t<figure class=\"wp-caption\">\n\t\t\t\t\t\t\t\t\t\t<img fetchpriority=\"high\" decoding=\"async\" width=\"541\" height=\"300\" src=\"https:\/\/dievolkswirtschaft.ch\/content\/uploads\/2022\/11\/Ilg_Patric.jpg\" class=\"attachment-full size-full wp-image-177525\" alt=\"\" srcset=\"https:\/\/dievolkswirtschaft.ch\/content\/uploads\/2022\/11\/Ilg_Patric.jpg 541w, https:\/\/dievolkswirtschaft.ch\/content\/uploads\/2022\/11\/Ilg_Patric-300x166.jpg 300w\" sizes=\"(max-width: 541px) 100vw, 541px\" \/>\t\t\t\t\t\t\t\t\t\t\t<figcaption class=\"widget-image-caption wp-caption-text\">Patric Ilg, chef Publications<\/figcaption>\n\t\t\t\t\t\t\t\t\t\t<\/figure>\n\t\t\t\t\t\t\t<\/div>\n\t\t\t\t<\/div>\n\t\t\t\t<div class=\"elementor-element elementor-element-499a58f elementor-widget__width-auto elementor-widget elementor-widget-image\" data-id=\"499a58f\" data-element_type=\"widget\" id=\"img-with-caption\" data-widget_type=\"image.default\">\n\t\t\t\t<div class=\"elementor-widget-container\">\n\t\t\t\t\t\t\t\t\t\t<figure class=\"wp-caption\">\n\t\t\t\t\t\t\t\t\t\t<img decoding=\"async\" width=\"541\" height=\"300\" src=\"https:\/\/dievolkswirtschaft.ch\/content\/uploads\/2022\/11\/Barsuglia_Guido.jpg\" class=\"attachment-full size-full wp-image-177196\" alt=\"\" srcset=\"https:\/\/dievolkswirtschaft.ch\/content\/uploads\/2022\/11\/Barsuglia_Guido.jpg 541w, https:\/\/dievolkswirtschaft.ch\/content\/uploads\/2022\/11\/Barsuglia_Guido-300x166.jpg 300w\" sizes=\"(max-width: 541px) 100vw, 541px\" \/>\t\t\t\t\t\t\t\t\t\t\t<figcaption class=\"widget-image-caption wp-caption-text\">Guido Barsuglia, r\u00e9dacteur en chef<\/figcaption>\n\t\t\t\t\t\t\t\t\t\t<\/figure>\n\t\t\t\t\t\t\t<\/div>\n\t\t\t\t<\/div>\n\t\t\t\t<div class=\"elementor-element elementor-element-41fa126 elementor-widget__width-auto elementor-widget elementor-widget-image\" data-id=\"41fa126\" data-element_type=\"widget\" id=\"img-with-caption\" data-widget_type=\"image.default\">\n\t\t\t\t<div class=\"elementor-widget-container\">\n\t\t\t\t\t\t\t\t\t\t<figure class=\"wp-caption\">\n\t\t\t\t\t\t\t\t\t\t<img decoding=\"async\" width=\"541\" height=\"300\" src=\"https:\/\/dievolkswirtschaft.ch\/content\/uploads\/2022\/11\/Tesar_Nicole-6.jpg\" class=\"attachment-full size-full wp-image-177514\" alt=\"\" srcset=\"https:\/\/dievolkswirtschaft.ch\/content\/uploads\/2022\/11\/Tesar_Nicole-6.jpg 541w, https:\/\/dievolkswirtschaft.ch\/content\/uploads\/2022\/11\/Tesar_Nicole-6-300x166.jpg 300w\" sizes=\"(max-width: 541px) 100vw, 541px\" \/>\t\t\t\t\t\t\t\t\t\t\t<figcaption class=\"widget-image-caption wp-caption-text\">Nicole Tesar, r\u00e9dactrice en chef<\/figcaption>\n\t\t\t\t\t\t\t\t\t\t<\/figure>\n\t\t\t\t\t\t\t<\/div>\n\t\t\t\t<\/div>\n\t\t\t\t<div class=\"elementor-element elementor-element-165c0e1 elementor-widget__width-auto elementor-widget elementor-widget-image\" data-id=\"165c0e1\" data-element_type=\"widget\" id=\"img-with-caption\" data-widget_type=\"image.default\">\n\t\t\t\t<div class=\"elementor-widget-container\">\n\t\t\t\t\t\t\t\t\t\t<figure class=\"wp-caption\">\n\t\t\t\t\t\t\t\t\t\t<img loading=\"lazy\" decoding=\"async\" width=\"541\" height=\"300\" src=\"https:\/\/dievolkswirtschaft.ch\/content\/uploads\/2022\/11\/Berchten_Marie-Jane.jpg\" class=\"attachment-full size-full wp-image-177192\" alt=\"\" srcset=\"https:\/\/dievolkswirtschaft.ch\/content\/uploads\/2022\/11\/Berchten_Marie-Jane.jpg 541w, https:\/\/dievolkswirtschaft.ch\/content\/uploads\/2022\/11\/Berchten_Marie-Jane-300x166.jpg 300w\" sizes=\"(max-width: 541px) 100vw, 541px\" \/>\t\t\t\t\t\t\t\t\t\t\t<figcaption class=\"widget-image-caption wp-caption-text\">Marie-Jane Berchten, assistante de r\u00e9daction<\/figcaption>\n\t\t\t\t\t\t\t\t\t\t<\/figure>\n\t\t\t\t\t\t\t<\/div>\n\t\t\t\t<\/div>\n\t\t\t\t<div class=\"elementor-element elementor-element-4b52176 elementor-widget__width-auto elementor-widget elementor-widget-image\" data-id=\"4b52176\" data-element_type=\"widget\" id=\"img-with-caption\" data-widget_type=\"image.default\">\n\t\t\t\t<div class=\"elementor-widget-container\">\n\t\t\t\t\t\t\t\t\t\t<figure class=\"wp-caption\">\n\t\t\t\t\t\t\t\t\t\t<img loading=\"lazy\" decoding=\"async\" width=\"541\" height=\"300\" src=\"https:\/\/dievolkswirtschaft.ch\/content\/uploads\/2024\/10\/Matthias_Hausherr.jpg\" class=\"attachment-full size-full wp-image-202984\" alt=\"\" srcset=\"https:\/\/dievolkswirtschaft.ch\/content\/uploads\/2024\/10\/Matthias_Hausherr.jpg 541w, https:\/\/dievolkswirtschaft.ch\/content\/uploads\/2024\/10\/Matthias_Hausherr-300x166.jpg 300w\" sizes=\"(max-width: 541px) 100vw, 541px\" \/>\t\t\t\t\t\t\t\t\t\t\t<figcaption class=\"widget-image-caption wp-caption-text\">Matthias Hausherr, r\u00e9dacteur<\/figcaption>\n\t\t\t\t\t\t\t\t\t\t<\/figure>\n\t\t\t\t\t\t\t<\/div>\n\t\t\t\t<\/div>\n\t\t\t\t<div class=\"elementor-element elementor-element-d402a1b elementor-widget__width-auto elementor-widget elementor-widget-image\" data-id=\"d402a1b\" data-element_type=\"widget\" id=\"img-with-caption\" data-widget_type=\"image.default\">\n\t\t\t\t<div class=\"elementor-widget-container\">\n\t\t\t\t\t\t\t\t\t\t<figure class=\"wp-caption\">\n\t\t\t\t\t\t\t\t\t\t<img loading=\"lazy\" decoding=\"async\" width=\"541\" height=\"300\" src=\"https:\/\/dievolkswirtschaft.ch\/content\/uploads\/2022\/10\/Monika_Luethi_klein.jpg\" class=\"attachment-full size-full wp-image-176886\" alt=\"\" srcset=\"https:\/\/dievolkswirtschaft.ch\/content\/uploads\/2022\/10\/Monika_Luethi_klein.jpg 541w, https:\/\/dievolkswirtschaft.ch\/content\/uploads\/2022\/10\/Monika_Luethi_klein-300x166.jpg 300w\" sizes=\"(max-width: 541px) 100vw, 541px\" \/>\t\t\t\t\t\t\t\t\t\t\t<figcaption class=\"widget-image-caption wp-caption-text\">Monika L\u00fcthi, r\u00e9dactrice<\/figcaption>\n\t\t\t\t\t\t\t\t\t\t<\/figure>\n\t\t\t\t\t\t\t<\/div>\n\t\t\t\t<\/div>\n\t\t\t\t<div class=\"elementor-element elementor-element-6a8a1ef elementor-widget__width-auto elementor-widget elementor-widget-image\" data-id=\"6a8a1ef\" data-element_type=\"widget\" id=\"img-with-caption\" data-widget_type=\"image.default\">\n\t\t\t\t<div class=\"elementor-widget-container\">\n\t\t\t\t\t\t\t\t\t\t<figure class=\"wp-caption\">\n\t\t\t\t\t\t\t\t\t\t<img loading=\"lazy\" decoding=\"async\" width=\"541\" height=\"300\" src=\"https:\/\/dievolkswirtschaft.ch\/content\/uploads\/2022\/11\/Parotte_Virginie.jpg\" class=\"attachment-full size-full wp-image-177194\" alt=\"\" srcset=\"https:\/\/dievolkswirtschaft.ch\/content\/uploads\/2022\/11\/Parotte_Virginie.jpg 541w, https:\/\/dievolkswirtschaft.ch\/content\/uploads\/2022\/11\/Parotte_Virginie-300x166.jpg 300w\" sizes=\"(max-width: 541px) 100vw, 541px\" \/>\t\t\t\t\t\t\t\t\t\t\t<figcaption class=\"widget-image-caption wp-caption-text\">Virginie Parotte, r\u00e9dactrice<\/figcaption>\n\t\t\t\t\t\t\t\t\t\t<\/figure>\n\t\t\t\t\t\t\t<\/div>\n\t\t\t\t<\/div>\n\t\t\t\t\t<\/div>\n\t\t<\/div>\n\t\t\t\t\t<\/div>\n\t\t<\/section>\n\t\t\t\t<\/div>","protected":false},"excerpt":{"rendered":"<p>Home Qui sommes-nous? La politique \u00e9conomique para\u00eet souvent complexe. \u00abLa Vie \u00e9conomique\u00bb aide \u00e0 y voir clair, en expliquant les enjeux et les d\u00e9bats actuels. \u00abLa Vie \u00e9conomique\u00bb contribue \u00e0 la formation de l&#8217;opinion publique en mati\u00e8re de politique \u00e9conomique en Suisse. La revue aborde des th\u00e8mes nationaux et internationaux et les approfondit dans des [&hellip;]<\/p>","protected":false},"author":3,"featured_media":0,"parent":0,"menu_order":0,"comment_status":"closed","ping_status":"closed","template":"","meta":{"_acf_changed":false,"om_disable_all_campaigns":false,"ep_exclude_from_search":false,"footnotes":""},"acf":[],"_links":{"self":[{"href":"https:\/\/dievolkswirtschaft.ch\/fr\/wp-json\/wp\/v2\/pages\/160563"}],"collection":[{"href":"https:\/\/dievolkswirtschaft.ch\/fr\/wp-json\/wp\/v2\/pages"}],"about":[{"href":"https:\/\/dievolkswirtschaft.ch\/fr\/wp-json\/wp\/v2\/types\/page"}],"author":[{"embeddable":true,"href":"https:\/\/dievolkswirtschaft.ch\/fr\/wp-json\/wp\/v2\/users\/3"}],"replies":[{"embeddable":true,"href":"https:\/\/dievolkswirtschaft.ch\/fr\/wp-json\/wp\/v2\/comments?post=160563"}],"version-history":[{"count":97,"href":"https:\/\/dievolkswirtschaft.ch\/fr\/wp-json\/wp\/v2\/pages\/160563\/revisions"}],"predecessor-version":[{"id":220560,"href":"https:\/\/dievolkswirtschaft.ch\/fr\/wp-json\/wp\/v2\/pages\/160563\/revisions\/220560"}],"wp:attachment":[{"href":"https:\/\/dievolkswirtschaft.ch\/fr\/wp-json\/wp\/v2\/media?parent=160563"}],"curies":[{"name":"wp","href":"https:\/\/api.w.org\/{rel}","templated":true}]}}