{"id":165579,"date":"2022-03-16T13:39:47","date_gmt":"2022-03-16T12:39:47","guid":{"rendered":"https:\/\/dievolkswirtschaft.ch\/lapplication\/"},"modified":"2022-04-26T15:22:53","modified_gmt":"2022-04-26T13:22:53","slug":"lapplication","status":"publish","type":"page","link":"https:\/\/dievolkswirtschaft.ch\/fr\/lapplication\/","title":{"rendered":"L\u2019application"},"content":{"rendered":"\t\t<div data-elementor-type=\"wp-page\" data-elementor-id=\"165579\" class=\"elementor elementor-165579 elementor-165571\" data-elementor-post-type=\"page\">\n\t\t\t\t\t\t<section class=\"elementor-section elementor-top-section elementor-element elementor-element-1b0a0614 elementor-section-full_width elementor-section-height-default elementor-section-height-default\" data-id=\"1b0a0614\" data-element_type=\"section\">\n\t\t\t\t\t\t<div class=\"elementor-container elementor-column-gap-default\">\n\t\t\t\t\t<div class=\"elementor-column elementor-col-100 elementor-top-column elementor-element elementor-element-62834ea8\" data-id=\"62834ea8\" data-element_type=\"column\">\n\t\t\t<div class=\"elementor-widget-wrap elementor-element-populated\">\n\t\t\t\t\t\t<div class=\"elementor-element elementor-element-52197204 elementor-widget elementor-widget-mxm-breadcrumb\" data-id=\"52197204\" data-element_type=\"widget\" data-widget_type=\"mxm-breadcrumb.default\">\n\t\t\t\t<div class=\"elementor-widget-container\">\n\t\t\t<ul id=\"ah-breadcrumb\" class=\"ah-breadcrumb\"><li><a href=\"https:\/\/dievolkswirtschaft.ch\/fr\/\">ACCUEIL<\/a><\/li><li class=\"separator\"><i class=\"fas fa-chevron-right\"><\/i><\/li><\/ul>\t\t<\/div>\n\t\t\t\t<\/div>\n\t\t\t\t<div class=\"elementor-element elementor-element-08521d8 elementor-widget elementor-widget-heading\" data-id=\"08521d8\" data-element_type=\"widget\" data-widget_type=\"heading.default\">\n\t\t\t\t<div class=\"elementor-widget-container\">\n\t\t\t\n<style>\/*! elementor - v3.22.0 - 26-06-2024 *\/\n.elementor-heading-title{padding:0;margin:0;line-height:1}.elementor-widget-heading .elementor-heading-title[class*=elementor-size-]>a{color:inherit;font-size:inherit;line-height:inherit}.elementor-widget-heading .elementor-heading-title.elementor-size-small{font-size:15px}.elementor-widget-heading .elementor-heading-title.elementor-size-medium{font-size:19px}.elementor-widget-heading .elementor-heading-title.elementor-size-large{font-size:29px}.elementor-widget-heading .elementor-heading-title.elementor-size-xl{font-size:39px}.elementor-widget-heading .elementor-heading-title.elementor-size-xxl{font-size:59px}<\/style>\n<h2 class=\"elementor-heading-title elementor-size-default\">L\u2019application<\/h2>\t\t<\/div>\n\t\t\t\t<\/div>\n\t\t\t\t<div class=\"elementor-element elementor-element-4a70396 elementor-widget__width-auto elementor-view-default elementor-widget elementor-widget-icon\" data-id=\"4a70396\" data-element_type=\"widget\" data-widget_type=\"icon.default\">\n\t\t\t\t<div class=\"elementor-widget-container\">\n\t\t\t\t\t<div class=\"elementor-icon-wrapper\">\n\t\t\t<div class=\"elementor-icon\">\n\t\t\t\n<svg xmlns=\"http:\/\/www.w3.org\/2000\/svg\" xmlns:xlink=\"http:\/\/www.w3.org\/1999\/xlink\" x=\"0px\" y=\"0px\" viewBox=\"0 0 1024 1024\" style=\"enable-background:new 0 0 1024 1024;\" xml:space=\"preserve\">\n<style type=\"text\/css\">\t.st0{fill:#FFFFFF;}\t.st1{fill:url(#SVGID_1_);}\t.st2{fill:#F8F8F8;}\t.st3{fill:#FF0000;}<\/style>\n<g id=\"Ebene_1\">\t<path d=\"M863.92,1022H160.08C72.03,1022,0,949.97,0,861.92V160.08C0,72.03,72.03,0,160.08,0h703.85  C951.97,0,1024,72.03,1024,160.08v701.85C1024,949.97,951.97,1022,863.92,1022z\"><\/path>\t<path d=\"M1024,160.39v703.21c0,88.22-72.03,160.39-160.08,160.39H160.08C77.8,1024,9.51,960.98,0.92,880.72  C0.31,875.1,0,869.39,0,863.61V160.39C0,72.17,72.03,0,160.08,0h703.84c5.15,0,10.24,0.25,15.27,0.73  C960.15,8.5,1024,77.33,1024,160.39z\"><\/path><\/g><g id=\"Ebene_3\">\t<g>\t\t<g>\t\t\t<path d=\"M610.83,1034c0,0,0.01,0,0.01,0h-0.03C610.82,1034,610.82,1034,610.83,1034z\"><\/path>\t\t\t<path class=\"st0\" d=\"M754.09,331.59l-110.7,426.68l-22.13,144.91h-16.11l-22.14-144.91l-112.7-426.68H321.37L525.32,1026    c27.72,5.17,56.27,8,85.49,8h0.03c30.22,0,59.73-2.99,88.34-8.51L899,331.59H754.09z\"><\/path>\t\t<\/g>\t\t<g>\t\t\t<path class=\"st0\" d=\"M610.83,1034c0,0,0.01,0,0.01,0h-0.03C610.82,1034,610.82,1034,610.83,1034z\"><\/path>\t\t\t<linearGradient id=\"SVGID_1_\" gradientUnits=\"userSpaceOnUse\" x1=\"472.9255\" y1=\"654.7925\" x2=\"131.3066\" y2=\"325.3329\">\t\t\t\t<stop offset=\"0.4189\" style=\"stop-color:#FFFFFF\"><\/stop>\t\t\t\t<stop offset=\"0.4323\" style=\"stop-color:#FAFAFA\"><\/stop>\t\t\t\t<stop offset=\"0.4482\" style=\"stop-color:#ECECEC\"><\/stop>\t\t\t\t<stop offset=\"0.4652\" style=\"stop-color:#D4D4D4\"><\/stop>\t\t\t\t<stop offset=\"0.4831\" style=\"stop-color:#B3B3B3\"><\/stop>\t\t\t\t<stop offset=\"0.5017\" style=\"stop-color:#888888\"><\/stop>\t\t\t\t<stop offset=\"0.5208\" style=\"stop-color:#545454\"><\/stop>\t\t\t\t<stop offset=\"0.54\" style=\"stop-color:#181818\"><\/stop>\t\t\t\t<stop offset=\"0.5469\" style=\"stop-color:#000000\"><\/stop>\t\t\t<\/linearGradient>\t\t\t<path class=\"st1\" d=\"M605.15,903.18l-22.14-144.91l-112.7-426.68H321.37L525.32,1026c27.72,5.17,56.27,8,85.49,8h0.03    C641.06,1034,605.15,903.18,605.15,903.18z\"><\/path>\t\t<\/g>\t<\/g>\t<g>\t\t<path class=\"st2\" d=\"M802.19,0.73L0.92,799C0.31,793.39,0,787.69,0,781.92V160.08C0,72.03,72.03,0,160.08,0h626.84   C792.07,0,797.16,0.25,802.19,0.73z\"><\/path>\t<\/g>\t<g>\t\t<g>\t\t\t<path class=\"st3\" d=\"M363.81,166.78c0,0-41.27-18.08-110.38-18.08h-0.02c-69.1,0-110.39,18.08-110.39,18.08    s-3.7,80.04,11.97,125.3C182.68,371.65,253.4,394,253.4,394h0.02h0.02c0,0,70.72-22.35,98.4-101.93    C367.52,246.82,363.81,166.78,363.81,166.78z\"><\/path>\t\t<\/g>\t\t<polygon class=\"st0\" points=\"326.78,235.78 326.78,279.87 275.33,279.87 275.33,331.33 231.23,331.33 231.23,279.87    179.78,279.87 179.78,235.78 231.23,235.78 231.23,184.33 275.32,184.33 275.33,235.78   \"><\/polygon>\t<\/g><\/g><\/svg>\n\t\t\t<\/div>\n\t\t<\/div>\n\t\t\t\t<\/div>\n\t\t\t\t<\/div>\n\t\t\t\t<div class=\"elementor-element elementor-element-2e33205 elementor-widget elementor-widget-heading\" data-id=\"2e33205\" data-element_type=\"widget\" data-widget_type=\"heading.default\">\n\t\t\t\t<div class=\"elementor-widget-container\">\n\t\t\t<h2 class=\"elementor-heading-title elementor-size-default\">Gratuite<\/h2>\t\t<\/div>\n\t\t\t\t<\/div>\n\t\t\t\t<div class=\"elementor-element elementor-element-3712ea5 elementor-widget elementor-widget-heading\" data-id=\"3712ea5\" data-element_type=\"widget\" data-widget_type=\"heading.default\">\n\t\t\t\t<div class=\"elementor-widget-container\">\n\t\t\t<h2 class=\"elementor-heading-title elementor-size-default\">L\u2019application<\/h2>\t\t<\/div>\n\t\t\t\t<\/div>\n\t\t\t\t<div class=\"elementor-element elementor-element-460630b elementor-widget elementor-widget-text-editor\" data-id=\"460630b\" data-element_type=\"widget\" data-widget_type=\"text-editor.default\">\n\t\t\t\t<div class=\"elementor-widget-container\">\n\t\t\t\n<style>\/*! elementor - v3.22.0 - 26-06-2024 *\/\n.elementor-widget-text-editor.elementor-drop-cap-view-stacked .elementor-drop-cap{background-color:#69727d;color:#fff}.elementor-widget-text-editor.elementor-drop-cap-view-framed .elementor-drop-cap{color:#69727d;border:3px solid;background-color:transparent}.elementor-widget-text-editor:not(.elementor-drop-cap-view-default) .elementor-drop-cap{margin-top:8px}.elementor-widget-text-editor:not(.elementor-drop-cap-view-default) .elementor-drop-cap-letter{width:1em;height:1em}.elementor-widget-text-editor .elementor-drop-cap{float:left;text-align:center;line-height:1;font-size:50px}.elementor-widget-text-editor .elementor-drop-cap-letter{display:inline-block}<\/style>\n\t\t\t\t<p>Comment t\u00e9l\u00e9charger l\u2019application de \u00abLa Vie \u00e9conomique\u00bb sur l&#8217;\u00e9cran d&#8217;accueil de votre t\u00e9l\u00e9phone portable ou de votre tablette?<\/p>\n<p>Vous n\u2019avez plus besoin de l\u2019App Store ou de Google Play. Suivez les instructions suivantes pour installer notre application:<\/p>\t\t\t\t\t\t<\/div>\n\t\t\t\t<\/div>\n\t\t\t\t<div class=\"elementor-element elementor-element-fd669a5 elementor-widget elementor-widget-heading\" data-id=\"fd669a5\" data-element_type=\"widget\" data-widget_type=\"heading.default\">\n\t\t\t\t<div class=\"elementor-widget-container\">\n\t\t\t<h2 class=\"elementor-heading-title elementor-size-default\">Android<\/h2>\t\t<\/div>\n\t\t\t\t<\/div>\n\t\t\t\t<div class=\"elementor-element elementor-element-720e274 elementor-widget elementor-widget-text-editor\" data-id=\"720e274\" data-element_type=\"widget\" data-widget_type=\"text-editor.default\">\n\t\t\t\t<div class=\"elementor-widget-container\">\n\t\t\t\t\t\t\t<ol><li>Allez sur le site\u00a0<a href=\"https:\/\/dievolkswirtschaft.ch\/fr\/\">lavieeconomique.ch<\/a><\/li><li>Appuyez sur les trois points en haut \u00e0 droite<\/li><li>Choisissez l\u2019option \u00abAjouter \u00e0 l\u2019\u00e9cran d\u2019accueil\u00bb<\/li><\/ol>\t\t\t\t\t\t<\/div>\n\t\t\t\t<\/div>\n\t\t\t\t<div class=\"elementor-element elementor-element-a6a30c8 elementor-widget elementor-widget-heading\" data-id=\"a6a30c8\" data-element_type=\"widget\" data-widget_type=\"heading.default\">\n\t\t\t\t<div class=\"elementor-widget-container\">\n\t\t\t<h2 class=\"elementor-heading-title elementor-size-default\">iOS\n\n<\/h2>\t\t<\/div>\n\t\t\t\t<\/div>\n\t\t\t\t<div class=\"elementor-element elementor-element-6bca413 elementor-widget elementor-widget-text-editor\" data-id=\"6bca413\" data-element_type=\"widget\" data-widget_type=\"text-editor.default\">\n\t\t\t\t<div class=\"elementor-widget-container\">\n\t\t\t\t\t\t\t<ol>\n<li>Dans le navigateur Safari, allez sur le site&nbsp;<a href=\"https:\/\/dievolkswirtschaft.ch\/fr\/\" style=\"background-color: rgb(255, 255, 255);\">lavieeconomique.ch<\/a><\/li>\n<li>Appuyez sur le bouton \u00abPartager\u00bb (le petit carr\u00e9 avec une fl\u00e8che vers le haut)<\/li>\n<li>S\u00e9lectionnez \u00abSur l&#8217;\u00e9cran d&#8217;accueil\u00bb<\/li>\n<\/ol>\t\t\t\t\t\t<\/div>\n\t\t\t\t<\/div>\n\t\t\t\t\t<\/div>\n\t\t<\/div>\n\t\t\t\t\t<\/div>\n\t\t<\/section>\n\t\t\t\t<\/div>","protected":false},"excerpt":{"rendered":"<p>Home L\u2019application Gratuite L\u2019application Comment t\u00e9l\u00e9charger l\u2019application de \u00abLa Vie \u00e9conomique\u00bb sur l&#8217;\u00e9cran d&#8217;accueil de votre t\u00e9l\u00e9phone portable ou de votre tablette? Vous n\u2019avez plus besoin de l\u2019App Store ou de Google Play. Suivez les instructions suivantes pour installer notre application: Android Allez sur le site\u00a0lavieeconomique.ch Appuyez sur les trois points en haut \u00e0 droite [&hellip;]<\/p>","protected":false},"author":3,"featured_media":166436,"parent":0,"menu_order":0,"comment_status":"closed","ping_status":"closed","template":"","meta":{"_acf_changed":false,"om_disable_all_campaigns":false,"ep_exclude_from_search":false,"footnotes":""},"acf":[],"_links":{"self":[{"href":"https:\/\/dievolkswirtschaft.ch\/fr\/wp-json\/wp\/v2\/pages\/165579"}],"collection":[{"href":"https:\/\/dievolkswirtschaft.ch\/fr\/wp-json\/wp\/v2\/pages"}],"about":[{"href":"https:\/\/dievolkswirtschaft.ch\/fr\/wp-json\/wp\/v2\/types\/page"}],"author":[{"embeddable":true,"href":"https:\/\/dievolkswirtschaft.ch\/fr\/wp-json\/wp\/v2\/users\/3"}],"replies":[{"embeddable":true,"href":"https:\/\/dievolkswirtschaft.ch\/fr\/wp-json\/wp\/v2\/comments?post=165579"}],"version-history":[{"count":13,"href":"https:\/\/dievolkswirtschaft.ch\/fr\/wp-json\/wp\/v2\/pages\/165579\/revisions"}],"predecessor-version":[{"id":168542,"href":"https:\/\/dievolkswirtschaft.ch\/fr\/wp-json\/wp\/v2\/pages\/165579\/revisions\/168542"}],"wp:featuredmedia":[{"embeddable":true,"href":"https:\/\/dievolkswirtschaft.ch\/fr\/wp-json\/wp\/v2\/media\/166436"}],"wp:attachment":[{"href":"https:\/\/dievolkswirtschaft.ch\/fr\/wp-json\/wp\/v2\/media?parent=165579"}],"curies":[{"name":"wp","href":"https:\/\/api.w.org\/{rel}","templated":true}]}}