{"id":165674,"date":"2022-03-17T11:10:13","date_gmt":"2022-03-17T10:10:13","guid":{"rendered":"https:\/\/dievolkswirtschaft.ch\/protection-des-donnees-conditions-dutilisation\/"},"modified":"2023-12-08T08:48:19","modified_gmt":"2023-12-08T07:48:19","slug":"protection-des-donnees-conditions-dutilisation","status":"publish","type":"page","link":"https:\/\/dievolkswirtschaft.ch\/fr\/protection-des-donnees-conditions-dutilisation\/","title":{"rendered":"Protection des donn\u00e9es\/Conditions d\u2019utilisation"},"content":{"rendered":"\t\t<div data-elementor-type=\"wp-page\" data-elementor-id=\"165674\" class=\"elementor elementor-165674 elementor-165659\" data-elementor-post-type=\"page\">\n\t\t\t\t\t\t<section class=\"elementor-section elementor-top-section elementor-element elementor-element-3741b997 elementor-section-full_width elementor-section-height-default elementor-section-height-default\" data-id=\"3741b997\" data-element_type=\"section\">\n\t\t\t\t\t\t<div class=\"elementor-container elementor-column-gap-default\">\n\t\t\t\t\t<div class=\"elementor-column elementor-col-100 elementor-top-column elementor-element elementor-element-1006c903\" data-id=\"1006c903\" data-element_type=\"column\">\n\t\t\t<div class=\"elementor-widget-wrap elementor-element-populated\">\n\t\t\t\t\t\t<div class=\"elementor-element elementor-element-b751c21 elementor-widget elementor-widget-mxm-breadcrumb\" data-id=\"b751c21\" data-element_type=\"widget\" data-widget_type=\"mxm-breadcrumb.default\">\n\t\t\t\t<div class=\"elementor-widget-container\">\n\t\t\t<ul id=\"ah-breadcrumb\" class=\"ah-breadcrumb\"><li><a href=\"https:\/\/dievolkswirtschaft.ch\/fr\/\">ACCUEIL<\/a><\/li><li class=\"separator\"><i class=\"fas fa-chevron-right\"><\/i><\/li><\/ul>\t\t<\/div>\n\t\t\t\t<\/div>\n\t\t\t\t<div class=\"elementor-element elementor-element-2811ea5 elementor-widget elementor-widget-heading\" data-id=\"2811ea5\" data-element_type=\"widget\" data-widget_type=\"heading.default\">\n\t\t\t\t<div class=\"elementor-widget-container\">\n\t\t\t\n<style>\/*! elementor - v3.22.0 - 26-06-2024 *\/\n.elementor-heading-title{padding:0;margin:0;line-height:1}.elementor-widget-heading .elementor-heading-title[class*=elementor-size-]>a{color:inherit;font-size:inherit;line-height:inherit}.elementor-widget-heading .elementor-heading-title.elementor-size-small{font-size:15px}.elementor-widget-heading .elementor-heading-title.elementor-size-medium{font-size:19px}.elementor-widget-heading .elementor-heading-title.elementor-size-large{font-size:29px}.elementor-widget-heading .elementor-heading-title.elementor-size-xl{font-size:39px}.elementor-widget-heading .elementor-heading-title.elementor-size-xxl{font-size:59px}<\/style>\n<h2 class=\"elementor-heading-title elementor-size-default\">Protection des donn\u00e9es\/Conditions d\u2019utilisation<\/h2>\t\t<\/div>\n\t\t\t\t<\/div>\n\t\t\t\t<div class=\"elementor-element elementor-element-89dd451 elementor-widget elementor-widget-text-editor\" data-id=\"89dd451\" data-element_type=\"widget\" data-widget_type=\"text-editor.default\">\n\t\t\t\t<div class=\"elementor-widget-container\">\n\t\t\t\n<style>\/*! elementor - v3.22.0 - 26-06-2024 *\/\n.elementor-widget-text-editor.elementor-drop-cap-view-stacked .elementor-drop-cap{background-color:#69727d;color:#fff}.elementor-widget-text-editor.elementor-drop-cap-view-framed .elementor-drop-cap{color:#69727d;border:3px solid;background-color:transparent}.elementor-widget-text-editor:not(.elementor-drop-cap-view-default) .elementor-drop-cap{margin-top:8px}.elementor-widget-text-editor:not(.elementor-drop-cap-view-default) .elementor-drop-cap-letter{width:1em;height:1em}.elementor-widget-text-editor .elementor-drop-cap{float:left;text-align:center;line-height:1;font-size:50px}.elementor-widget-text-editor .elementor-drop-cap-letter{display:inline-block}<\/style>\n\t\t\t\t<p>Les <a href=\"https:\/\/www.admin.ch\/gov\/de\/start\/rechtliches.html\" target=\"_blank\" rel=\"noopener\">informations juridiques<\/a> des autorit\u00e9s f\u00e9d\u00e9rales s\u2019appliquent \u00e0 ce site Internet.<\/p><p><strong>Statistiques Internet<br><\/strong> Ce site Internet utilise des t\u00e9moins (cookies) \u00e0 des fins statistiques. Ceux-ci servent \u00e0 des fins statistiques et nous permettent de vous faire des recommandations de lecture. Les donn\u00e9es personnelles sont anonymis\u00e9es et ne seront pas utilis\u00e9es \u00e0 des fins publicitaires. <br>Si vous avez donn\u00e9 votre consentement, Google Analytics, un service d&#8217;analyse Web fourni par Google Ireland Limited (&#8220;Google&#8221;), est utilis\u00e9 sur ce site Web. L&#8217;utilisation inclut le mode de fonctionnement &#8220;Universal Analytics&#8221;. Cela permet d&#8217;attribuer des donn\u00e9es, des sessions et des interactions sur plusieurs appareils \u00e0 un identifiant d&#8217;utilisateur pseudonyme et ainsi d&#8217;analyser les activit\u00e9s d&#8217;un utilisateur sur tous les appareils.<\/p><p>Google Analytics utilise des &#8220;cookies&#8221; qui permettent une analyse de votre utilisation du site Web. Les informations g\u00e9n\u00e9r\u00e9es par le cookie concernant votre utilisation de ce site Web sont g\u00e9n\u00e9ralement transmises \u00e0 un serveur de Google aux \u00c9tats-Unis et y sont stock\u00e9es. Nous attirons votre attention sur le fait que Google Analytics a \u00e9t\u00e9 \u00e9tendu sur ce site Web pour inclure l&#8217;anonymisation IP afin de garantir que les adresses IP sont enregistr\u00e9es de mani\u00e8re anonyme (ce que l&#8217;on appelle le masquage IP). L&#8217;adresse IP transmise par votre navigateur dans le cadre de Google Analytics ne sera pas fusionn\u00e9e avec d&#8217;autres donn\u00e9es de Google. Vous trouverez de plus amples informations sur les conditions d&#8217;utilisation et la protection des donn\u00e9es sous <a href=\"https:\/\/www.google.com\/analytics\/terms\/de.html\" target=\"_blank\" rel=\"noopener\">https:\/\/www.google.com\/analytics\/terms\/de.html<\/a> ou sous <a href=\"https:\/\/policies.google.com\/?hl=de\" target=\"_blank\" rel=\"noopener\">https:\/\/policies.google.com\/?hl=de<\/a>.<\/p><p><strong>Finalit\u00e9s du traitementfort<br><\/strong> Google utilisera ces informations au nom de \u00ab&nbsp;La Vie \u00e9conomique&nbsp;\u00bb pour \u00e9valuer votre utilisation du site Web et pour compiler des rapports sur l&#8217;activit\u00e9 du site Web. L&#8217;\u00e9valuation est anonyme. L&#8217;\u00e9valuation est anonyme.<\/p><p><strong>Base l\u00e9gale<\/strong><br>La base juridique de l&#8217;utilisation de Google Analytics est votre consentement.<\/p><p><strong>Destinataires \/ cat\u00e9gories de destinataires<\/strong><br>Le destinataire des donn\u00e9es collect\u00e9es est Google, pour le compte de \u00ab&nbsp;La Vie \u00e9conomique&nbsp;\u00bb.<\/p><p><strong>Droits des personnes concern\u00e9es<\/strong><br>Vous pouvez emp\u00eacher Google de collecter les donn\u00e9es g\u00e9n\u00e9r\u00e9es par le cookie et li\u00e9es \u00e0 votre utilisation du site (y compris votre adresse IP) et de traiter ces donn\u00e9es par Google en <a href=\"https:\/\/tools.google.com\/dlpage\/gaoptout?hl=de\" target=\"_blank\" rel=\"noopener\">Browser-Add-on<\/a> t\u00e9l\u00e9charger et installer. Les cookies de d\u00e9sactivation emp\u00eachent la collecte future de vos donn\u00e9es lorsque vous visitez ce site Web. Pour emp\u00eacher Universal Analytics de collecter des donn\u00e9es sur diff\u00e9rents appareils, vous devez vous d\u00e9sinscrire sur tous les syst\u00e8mes utilis\u00e9s. Si vous cliquez ici, le cookie de d\u00e9sactivation sera d\u00e9fini&nbsp;: <a href=\"https:\/\/tools.google.com\/dlpage\/gaoptout?hl=de\" target=\"_blank\" rel=\"noopener\">D\u00e9sactiver Google Analytics<\/a>.<\/p><p><a href=\"#\"><span id=\"cookiebotshow\">Vous pouvez en outre r\u00e9voquer votre consentement \u00e0 tout moment avec effet pour l&#8217;avenir en emp\u00eachant l&#8217;enregistrement des cookies par un r\u00e9glage correspondant de votre logiciel de navigation.<\/span><\/a> Veuillez noter que vous ne pouvez pas utiliser certaines fonctions de notre site Web sans cookies.<\/p><p>\u00a9 La Vie \u00e9conomique<br>Conception et programmation&nbsp;: Maxomedia AG<\/p>\t\t\t\t\t\t<\/div>\n\t\t\t\t<\/div>\n\t\t\t\t\t<\/div>\n\t\t<\/div>\n\t\t\t\t\t<\/div>\n\t\t<\/section>\n\t\t\t\t<\/div>","protected":false},"excerpt":{"rendered":"<p>Home Les informations juridiques des autorit\u00e9s f\u00e9d\u00e9rales s\u2019appliquent \u00e0 ce site Internet. Statistiques Internet Ce site Internet utilise des t\u00e9moins (cookies) \u00e0 des fins statistiques. Ceux-ci servent \u00e0 des fins statistiques et nous permettent de vous faire des recommandations de lecture. Les donn\u00e9es personnelles sont anonymis\u00e9es et ne seront pas utilis\u00e9es \u00e0 des fins publicitaires. [&hellip;]<\/p>","protected":false},"author":3,"featured_media":0,"parent":0,"menu_order":0,"comment_status":"closed","ping_status":"closed","template":"","meta":{"_acf_changed":false,"om_disable_all_campaigns":false,"ep_exclude_from_search":false,"footnotes":""},"acf":[],"_links":{"self":[{"href":"https:\/\/dievolkswirtschaft.ch\/fr\/wp-json\/wp\/v2\/pages\/165674"}],"collection":[{"href":"https:\/\/dievolkswirtschaft.ch\/fr\/wp-json\/wp\/v2\/pages"}],"about":[{"href":"https:\/\/dievolkswirtschaft.ch\/fr\/wp-json\/wp\/v2\/types\/page"}],"author":[{"embeddable":true,"href":"https:\/\/dievolkswirtschaft.ch\/fr\/wp-json\/wp\/v2\/users\/3"}],"replies":[{"embeddable":true,"href":"https:\/\/dievolkswirtschaft.ch\/fr\/wp-json\/wp\/v2\/comments?post=165674"}],"version-history":[{"count":17,"href":"https:\/\/dievolkswirtschaft.ch\/fr\/wp-json\/wp\/v2\/pages\/165674\/revisions"}],"predecessor-version":[{"id":193927,"href":"https:\/\/dievolkswirtschaft.ch\/fr\/wp-json\/wp\/v2\/pages\/165674\/revisions\/193927"}],"wp:attachment":[{"href":"https:\/\/dievolkswirtschaft.ch\/fr\/wp-json\/wp\/v2\/media?parent=165674"}],"curies":[{"name":"wp","href":"https:\/\/api.w.org\/{rel}","templated":true}]}}