{"id":4862,"date":"2021-11-19T08:34:58","date_gmt":"2021-11-19T07:34:58","guid":{"rendered":"https:\/\/dievolkswirtschaft.ch\/anmeldung\/"},"modified":"2023-01-30T10:27:00","modified_gmt":"2023-01-30T09:27:00","slug":"inscription","status":"publish","type":"page","link":"https:\/\/dievolkswirtschaft.ch\/fr\/inscription\/","title":{"rendered":"Inscription"},"content":{"rendered":"\t\t<div data-elementor-type=\"wp-page\" data-elementor-id=\"4862\" class=\"elementor elementor-4862 elementor-345\" data-elementor-post-type=\"page\">\n\t\t\t\t\t\t<section class=\"elementor-section elementor-top-section elementor-element elementor-element-40d1aa08 elementor-section-full_width elementor-section-height-default elementor-section-height-default\" data-id=\"40d1aa08\" data-element_type=\"section\" id=\"breadcrumb-section\">\n\t\t\t\t\t\t<div class=\"elementor-container elementor-column-gap-default\">\n\t\t\t\t\t<div class=\"elementor-column elementor-col-100 elementor-top-column elementor-element elementor-element-19a07578\" data-id=\"19a07578\" data-element_type=\"column\">\n\t\t\t<div class=\"elementor-widget-wrap elementor-element-populated\">\n\t\t\t\t\t\t<div class=\"elementor-element elementor-element-85cb741 elementor-widget elementor-widget-mxm-breadcrumb\" data-id=\"85cb741\" data-element_type=\"widget\" data-widget_type=\"mxm-breadcrumb.default\">\n\t\t\t\t<div class=\"elementor-widget-container\">\n\t\t\t<ul id=\"ah-breadcrumb\" class=\"ah-breadcrumb\"><li><a href=\"https:\/\/dievolkswirtschaft.ch\/fr\/\">ACCUEIL<\/a><\/li><li class=\"separator\"><i class=\"fas fa-chevron-right\"><\/i><\/li><\/ul>\t\t<\/div>\n\t\t\t\t<\/div>\n\t\t\t\t\t<\/div>\n\t\t<\/div>\n\t\t\t\t\t<\/div>\n\t\t<\/section>\n\t\t\t\t<section class=\"elementor-section elementor-top-section elementor-element elementor-element-8b04365 elementor-section-full_width elementor-section-height-default elementor-section-height-default\" data-id=\"8b04365\" data-element_type=\"section\">\n\t\t\t\t\t\t<div class=\"elementor-container elementor-column-gap-default\">\n\t\t\t\t\t<div class=\"elementor-column elementor-col-100 elementor-top-column elementor-element elementor-element-46585cf\" data-id=\"46585cf\" data-element_type=\"column\">\n\t\t\t<div class=\"elementor-widget-wrap elementor-element-populated\">\n\t\t\t\t\t\t<div class=\"elementor-element elementor-element-f8a8edb elementor-widget elementor-widget-heading\" data-id=\"f8a8edb\" data-element_type=\"widget\" data-widget_type=\"heading.default\">\n\t\t\t\t<div class=\"elementor-widget-container\">\n\t\t\t\n<style>\/*! elementor - v3.22.0 - 26-06-2024 *\/\n.elementor-heading-title{padding:0;margin:0;line-height:1}.elementor-widget-heading .elementor-heading-title[class*=elementor-size-]>a{color:inherit;font-size:inherit;line-height:inherit}.elementor-widget-heading .elementor-heading-title.elementor-size-small{font-size:15px}.elementor-widget-heading .elementor-heading-title.elementor-size-medium{font-size:19px}.elementor-widget-heading .elementor-heading-title.elementor-size-large{font-size:29px}.elementor-widget-heading .elementor-heading-title.elementor-size-xl{font-size:39px}.elementor-widget-heading .elementor-heading-title.elementor-size-xxl{font-size:59px}<\/style>\n<h1 class=\"elementor-heading-title elementor-size-default\">Inscription<\/h1>\t\t<\/div>\n\t\t\t\t<\/div>\n\t\t\t\t<div class=\"elementor-element elementor-element-4b7ee2c elementor-widget elementor-widget-text-editor\" data-id=\"4b7ee2c\" data-element_type=\"widget\" data-widget_type=\"text-editor.default\">\n\t\t\t\t<div class=\"elementor-widget-container\">\n\t\t\t\n<style>\/*! elementor - v3.22.0 - 26-06-2024 *\/\n.elementor-widget-text-editor.elementor-drop-cap-view-stacked .elementor-drop-cap{background-color:#69727d;color:#fff}.elementor-widget-text-editor.elementor-drop-cap-view-framed .elementor-drop-cap{color:#69727d;border:3px solid;background-color:transparent}.elementor-widget-text-editor:not(.elementor-drop-cap-view-default) .elementor-drop-cap{margin-top:8px}.elementor-widget-text-editor:not(.elementor-drop-cap-view-default) .elementor-drop-cap-letter{width:1em;height:1em}.elementor-widget-text-editor .elementor-drop-cap{float:left;text-align:center;line-height:1;font-size:50px}.elementor-widget-text-editor .elementor-drop-cap-letter{display:inline-block}<\/style>\n\t\t\t\t<p>Lors de votre inscription, nous cr\u00e9ons simultan\u00e9ment un compte dans lequel <span style=\"color: var( --e-global-color-text ); font-family: var( --e-global-typography-text-font-family ), Sans-serif; font-style: var( --e-global-typography-4cc98b8-font-style ); letter-spacing: var( --e-global-typography-4cc98b8-letter-spacing ); text-transform: var( --e-global-typography-4cc98b8-text-transform ); word-spacing: var( --e-global-typography-4cc98b8-word-spacing );\">vous pouvez d\u00e9finir vos pr\u00e9f\u00e9rences pour le site<\/span> <span style=\"color: var( --e-global-color-text ); font-family: var( --e-global-typography-text-font-family ), Sans-serif; font-style: var( --e-global-typography-4cc98b8-font-style ); letter-spacing: var( --e-global-typography-4cc98b8-letter-spacing ); text-transform: var( --e-global-typography-4cc98b8-text-transform ); word-spacing: var( --e-global-typography-4cc98b8-word-spacing );\">Web et l&#8217;abonnement num\u00e9rique.<\/span><\/p>\t\t\t\t\t\t<\/div>\n\t\t\t\t<\/div>\n\t\t\t\t<div class=\"elementor-element elementor-element-d726b94 elementor-widget elementor-widget-mxm-mxmregister\" data-id=\"d726b94\" data-element_type=\"widget\" data-widget_type=\"mxm-mxmregister.default\">\n\t\t\t\t<div class=\"elementor-widget-container\">\n\t\t\t\n        <div class=\"mxm-vss-register\">\n\n            <div class=\"mxm-vss-register-wrapper\">\n                <form id=\"mxm_vss_register\" method=\"post\" enctype=\"multipart\/form-data\">\n                    <div class=\"mxm-vss-register-body\">\n                        <div class=\"mxm-vss-register-header form-notice\">\n                            <h2>Il y a eu un probl\u00e8me avec votre soumission. Veuillez v\u00e9rifier les champs ci-dessous.<\/h2>\n                        <\/div>\n\n                        <div class=\"mxm-vss-register-fields form-fields\">\n                            <div class=\"input-wrapper\">\n                                <input type=\"text\" name=\"user_email\" id=\"user_email\" placeholder=\"Courriel *\">\n                            <\/div>\n                            <div class=\"input-wrapper\">\n                                <input type=\"password\" name=\"password\" id=\"password\" placeholder=\"Cr\u00e9er un mot de passe *\">\n                            <\/div>\n                            <div class=\"input-wrapper\">\n                                <input type=\"password\" name=\"confirm_password\" id=\"confirm_password\" placeholder=\"Saisir \u00e0 nouveau le mot de passe  *\">\n                            <\/div>\n                        <\/div>\n\n                        <div class=\"mxm-vss-register-footer form-required\">\n                            <h2>*Inscription n\u00e9cessaire<\/h2>\n                        <\/div>\n\n                        <input type=\"hidden\" id=\"error_field\" value=\"Entr\u00e9e obligatoire.\">\n                        <input type=\"hidden\" id=\"error_invalid_field\" value=\"Le courriel n'est pas valide.\">\n                        <button type=\"submit\">Enregistrer<\/button>\n\n                        <div class=\"mxm-vss-login-footer form-required\">\n                            <h2>Oubliez votre mot de passe? <a href=\"\/fr\/passwort\/\">R\u00e9initialiser<\/a><\/h2>\n                        <\/div>\n                    <\/div>\n                <\/form>\n            <\/div>\n\n        <\/div>\n        \t\t<\/div>\n\t\t\t\t<\/div>\n\t\t\t\t\t<\/div>\n\t\t<\/div>\n\t\t\t\t\t<\/div>\n\t\t<\/section>\n\t\t\t\t<\/div>","protected":false},"excerpt":{"rendered":"<p>Home Inscription Lors de votre inscription, nous cr\u00e9ons simultan\u00e9ment un compte dans lequel vous pouvez d\u00e9finir vos pr\u00e9f\u00e9rences pour le site Web et l&#8217;abonnement num\u00e9rique. Es gab ein Problem mit Ihrer Eingabe. Bitte \u00fcberpr\u00fcfen Sie die untenstehenden Felder. Der Benutzer existiert nicht. *Eintrag notwendig registrieren Passwort vergessen? Hier zur\u00fccksetzen!<\/p>","protected":false},"author":3,"featured_media":0,"parent":0,"menu_order":0,"comment_status":"closed","ping_status":"closed","template":"","meta":{"_acf_changed":false,"om_disable_all_campaigns":false,"ep_exclude_from_search":false,"footnotes":""},"acf":[],"_links":{"self":[{"href":"https:\/\/dievolkswirtschaft.ch\/fr\/wp-json\/wp\/v2\/pages\/4862"}],"collection":[{"href":"https:\/\/dievolkswirtschaft.ch\/fr\/wp-json\/wp\/v2\/pages"}],"about":[{"href":"https:\/\/dievolkswirtschaft.ch\/fr\/wp-json\/wp\/v2\/types\/page"}],"author":[{"embeddable":true,"href":"https:\/\/dievolkswirtschaft.ch\/fr\/wp-json\/wp\/v2\/users\/3"}],"replies":[{"embeddable":true,"href":"https:\/\/dievolkswirtschaft.ch\/fr\/wp-json\/wp\/v2\/comments?post=4862"}],"version-history":[{"count":74,"href":"https:\/\/dievolkswirtschaft.ch\/fr\/wp-json\/wp\/v2\/pages\/4862\/revisions"}],"predecessor-version":[{"id":180100,"href":"https:\/\/dievolkswirtschaft.ch\/fr\/wp-json\/wp\/v2\/pages\/4862\/revisions\/180100"}],"wp:attachment":[{"href":"https:\/\/dievolkswirtschaft.ch\/fr\/wp-json\/wp\/v2\/media?parent=4862"}],"curies":[{"name":"wp","href":"https:\/\/api.w.org\/{rel}","templated":true}]}}